{"id":206,"date":"2025-03-25T00:22:42","date_gmt":"2025-03-25T06:22:42","guid":{"rendered":"https:\/\/sunhillsvalley.com\/?page_id=206"},"modified":"2026-03-25T14:25:13","modified_gmt":"2026-03-25T20:25:13","slug":"contactanos","status":"publish","type":"page","link":"https:\/\/sunhillsvalley.com\/en\/contactanos\/","title":{"rendered":"Contact us"},"content":{"rendered":"<div class=\"wp-block-group alignfull animated backInUp has-base-background-color has-text-color has-background has-global-padding is-layout-constrained wp-container-core-group-is-layout-8ac1b8c9 wp-block-group-is-layout-constrained\" style=\"color:#ffffff;margin-top:0;margin-bottom:0;padding-top:var(--wp--preset--spacing--70);padding-right:var(--wp--preset--spacing--50);padding-bottom:var(--wp--preset--spacing--70);padding-left:var(--wp--preset--spacing--50)\">\n<p class=\"has-text-align-center has-x-large-font-size wp-block-paragraph\"><strong>We\u2019re ready to answer your questions and support you in this important step.<\/strong><\/p>\n<\/div>\n\n\n<div class=\"wp-block-jetpack-contact-form is-layout-flex wp-container-jetpack-contact-form-is-layout-3526d543 wp-block-jetpack-contact-form-is-layout-flex\"><a href=\"https:\/\/sunhillsvalley.com\/en\/contactanos\/\" target=\"_blank\" rel=\"noopener noreferrer\">Submit a form.<\/a><\/div>\n\n\n<figure class=\"wp-block-table alignwide animated backInUp is-style-stripes has-medium-font-size\" style=\"margin-top:var(--wp--preset--spacing--60);margin-bottom:var(--wp--preset--spacing--60)\"><table class=\"has-primary-color has-text-color has-link-color has-fixed-layout\"><tbody><tr><td><strong><strong> <\/strong>Address<\/strong><\/td><td><strong>Acueducto de Quer\u00e9taro No. 507 Col. Jurica Acueducto, Qro.Mx<\/strong><\/td><\/tr><tr><td><strong>Phone Number<\/strong><\/td><td><strong>442 234 18 18 ext. 1102<\/strong><\/td><\/tr><tr><td><strong> Email<\/strong><\/td><td><strong>info@sunhillsvalley.com<\/strong><\/td><\/tr><tr><td><strong> Schedule<\/strong><\/td><td><strong>Monday to Friday from 8:00 a.m. to 3:00 p.m.<\/strong><\/td><\/tr><\/tbody><\/table><\/figure>\n\n\n<div style=\"display: flex; flex-wrap: wrap; gap: 15px; width: 100%; margin-top: 40px; margin-bottom: 40px; justify-content: center;\">\r\n    \r\n    <div style=\"flex: 1 1 48%; min-width: 320px; display: flex; flex-direction: column;\">\r\n        <p style=\"text-align: center; font-weight: bold; margin-bottom: 15px; color: var(--wp--preset--color--primary, #000); min-height: 3em; display: flex; align-items: center; justify-content: center;\">\r\n            Main Office,<br>Preschool &#038; Elementary\r\n        <\/p>\r\n        <iframe style=\"border-radius: 8px; box-shadow: 0 4px 8px rgba(0,0,0,0.1); flex-grow: 1;\" src=\"https:\/\/maps.google.com\/maps?q=Colegio+Sunhills+Valley,+Acueducto+de+Quer\u00e9taro+507,+Jurica&#038;t=&#038;z=15&#038;ie=UTF8&#038;iwloc=&#038;output=embed\" width=\"100%\" height=\"380\" frameborder=\"0\" marginwidth=\"0\" marginheight=\"0\" scrolling=\"no\"><\/iframe>\r\n    <\/div>\r\n\r\n    <div style=\"flex: 1 1 48%; min-width: 320px; display: flex; flex-direction: column;\">\r\n        <p style=\"text-align: center; font-weight: bold; margin-bottom: 15px; color: var(--wp--preset--color--primary, #000); min-height: 3em; display: flex; align-items: center; justify-content: center;\">\r\n            Junior High &#038; High School\r\n        <\/p>\r\n        <iframe style=\"border-radius: 8px; box-shadow: 0 4px 8px rgba(0,0,0,0.1); flex-grow: 1;\" src=\"https:\/\/maps.google.com\/maps?q=Sunhills+Valley+Junior+High,+Libramiento+Sur+Poniente+Km.+33.5,+Mompani&#038;t=&#038;z=15&#038;ie=UTF8&#038;iwloc=&#038;output=embed\" width=\"100%\" height=\"380\" frameborder=\"0\" marginwidth=\"0\" marginheight=\"0\" scrolling=\"no\"><\/iframe>\r\n    <\/div>\r\n\r\n<\/div>\n\n\n<p class=\"wp-block-paragraph\">You can also visit us and explore our facilities.<\/p>\n\n\n\n<p class=\"wp-block-paragraph\">We\u2019ll be delighted to welcome you to Sunhills Valley\u00ae!<\/p>","protected":false},"excerpt":{"rendered":"<p>Estamos listos para resolver tus dudas y acompa\u00f1arte en este gran paso. Direcci\u00f3n Acueducto de Quer\u00e9taro No. 507 Col. Jurica Acueducto, Qro.Mx Tel\u00e9fono 442 234 18 18 ext. 1102 Correo info@sunhillsvalley.com Horario Lunes a viernes de 8:00 a.m. a 3:00 p.m. Administraci\u00f3nPreschool &#038; Elementary Junior High &#038; High School Tambi\u00e9n puedes visitarnos y conocer nuestras [&hellip;]<\/p>\n","protected":false},"author":261015710,"featured_media":0,"parent":0,"menu_order":0,"comment_status":"closed","ping_status":"closed","template":"","meta":{"_eb_attr":"","_crdt_document":"","_themeisle_gutenberg_block_has_review":false,"jetpack_post_was_ever_published":false,"footnotes":""},"class_list":["post-206","page","type-page","status-publish","hentry"],"jetpack_likes_enabled":true,"jetpack_sharing_enabled":true,"jetpack_shortlink":"https:\/\/wp.me\/Ph9CSh-3k","jetpack-related-posts":[{"id":821,"url":"https:\/\/sunhillsvalley.com\/en\/","url_meta":{"origin":206,"position":0},"title":"Colegio Sunhills Valley","author":"Admin Sunhills Valley","date":"March 27, 2026","format":false,"excerpt":"INSCRIPCIONES ABIERTAS Ciclo Escolar 2026\/2027 M\u00e1s de 0 Egresados 25 A\u00d1OS CELEBRANDO CONTIGO 0D\u00eda0Hour0Minute0Second Bienvenido a Sunhills Valley\u00ae En Sunhills Valley\u00ae, creemos que cada ni\u00f1o es \u00fanico, capaz y valioso. Por eso, ofrecemos una educaci\u00f3n integral que impulsa el desarrollo acad\u00e9mico, emocional, social y art\u00edstico de nuestros alumnos desde sus\u2026","rel":"","context":"Similar post","block_context":{"text":"Similar post","link":""},"img":{"alt_text":"Alumnas con reconocimientos MUN","src":"https:\/\/i0.wp.com\/sunhillsvalley.com\/wp-content\/uploads\/2025\/03\/Academica-scaled.jpg?resize=350%2C200&ssl=1","width":350,"height":200,"srcset":"https:\/\/i0.wp.com\/sunhillsvalley.com\/wp-content\/uploads\/2025\/03\/Academica-scaled.jpg?resize=350%2C200&ssl=1 1x, https:\/\/i0.wp.com\/sunhillsvalley.com\/wp-content\/uploads\/2025\/03\/Academica-scaled.jpg?resize=525%2C300&ssl=1 1.5x, https:\/\/i0.wp.com\/sunhillsvalley.com\/wp-content\/uploads\/2025\/03\/Academica-scaled.jpg?resize=700%2C400&ssl=1 2x, https:\/\/i0.wp.com\/sunhillsvalley.com\/wp-content\/uploads\/2025\/03\/Academica-scaled.jpg?resize=1050%2C600&ssl=1 3x, https:\/\/i0.wp.com\/sunhillsvalley.com\/wp-content\/uploads\/2025\/03\/Academica-scaled.jpg?resize=1400%2C800&ssl=1 4x"},"classes":[]},{"id":193,"url":"https:\/\/sunhillsvalley.com\/en\/nuestra-historia\/","url_meta":{"origin":206,"position":1},"title":"OUR HISTORY","author":"Admin Sunhills Valley","date":"March 25, 2025","format":false,"excerpt":"Desde 2002, abrimos nuestras puertas con una visi\u00f3n clara: formar seres humanos con valores, conciencia y el potencial para transformar su mundo. Logros destacados +20 a\u00f1os formando generaciones Egresados en Universidades de alto prestigio Programas certificados por Cambridge y RAD Agenda una visita +20 de a\u00f1os de historia educativa Desde\u2026","rel":"","context":"Similar post","block_context":{"text":"Similar post","link":""},"img":{"alt_text":"Patio Sunhills Valley","src":"https:\/\/i0.wp.com\/sunhillsvalley.com\/wp-content\/uploads\/2025\/05\/3.-Elementary.jpg?resize=350%2C200&ssl=1","width":350,"height":200,"srcset":"https:\/\/i0.wp.com\/sunhillsvalley.com\/wp-content\/uploads\/2025\/05\/3.-Elementary.jpg?resize=350%2C200&ssl=1 1x, https:\/\/i0.wp.com\/sunhillsvalley.com\/wp-content\/uploads\/2025\/05\/3.-Elementary.jpg?resize=525%2C300&ssl=1 1.5x, https:\/\/i0.wp.com\/sunhillsvalley.com\/wp-content\/uploads\/2025\/05\/3.-Elementary.jpg?resize=700%2C400&ssl=1 2x, https:\/\/i0.wp.com\/sunhillsvalley.com\/wp-content\/uploads\/2025\/05\/3.-Elementary.jpg?resize=1050%2C600&ssl=1 3x, https:\/\/i0.wp.com\/sunhillsvalley.com\/wp-content\/uploads\/2025\/05\/3.-Elementary.jpg?resize=1400%2C800&ssl=1 4x"},"classes":[]},{"id":69,"url":"https:\/\/sunhillsvalley.com\/en\/areas-academicas\/","url_meta":{"origin":206,"position":2},"title":"Academic Areas","author":"Admin Sunhills Valley","date":"March 24, 2025","format":false,"excerpt":"Zoogy\u00ae En Zoogy\u00ae, nuestro programa de Estimulaci\u00f3n Temprana, damos la bienvenida a los m\u00e1s peque\u00f1os al mundo del aprendizaje, acompa\u00f1\u00e1ndolos en sus primeros pasos con experiencias llenas de cari\u00f1o, juego y descubrimiento. Dise\u00f1ado para ni\u00f1os desde el a\u00f1o y medio, Zoogy\u00ae marca el inicio del recorrido formativo en Sunhills Valley\u00ae.\u2026","rel":"","context":"Similar post","block_context":{"text":"Similar post","link":""},"img":{"alt_text":"","src":"","width":0,"height":0},"classes":[]},{"id":106,"url":"https:\/\/sunhillsvalley.com\/en\/actividades-extracurriculares\/","url_meta":{"origin":206,"position":3},"title":"Extracurricular Activities","author":"Admin Sunhills Valley","date":"March 24, 2025","format":false,"excerpt":"Nataci\u00f3n Centurions\u00ae Futbol Moo Duk Kwan Basquetbol volleyball Centurions\u00ae En el a\u00f1o 2008 nace la historia de nuestro equipo Centurions\u00ae. Este un deporte de contacto y estrategia donde la condici\u00f3n f\u00edsica juega un papel muy importante. Contamos con nuestro propio campo de pasto sint\u00e9tico con medidas oficiales de la NFL.\u2026","rel":"","context":"Similar post","block_context":{"text":"Similar post","link":""},"img":{"alt_text":"Alumnos de robotica","src":"https:\/\/i0.wp.com\/sunhillsvalley.com\/wp-content\/uploads\/2025\/05\/robotica-2.png?resize=350%2C200&ssl=1","width":350,"height":200,"srcset":"https:\/\/i0.wp.com\/sunhillsvalley.com\/wp-content\/uploads\/2025\/05\/robotica-2.png?resize=350%2C200&ssl=1 1x, https:\/\/i0.wp.com\/sunhillsvalley.com\/wp-content\/uploads\/2025\/05\/robotica-2.png?resize=525%2C300&ssl=1 1.5x, https:\/\/i0.wp.com\/sunhillsvalley.com\/wp-content\/uploads\/2025\/05\/robotica-2.png?resize=700%2C400&ssl=1 2x, https:\/\/i0.wp.com\/sunhillsvalley.com\/wp-content\/uploads\/2025\/05\/robotica-2.png?resize=1050%2C600&ssl=1 3x, https:\/\/i0.wp.com\/sunhillsvalley.com\/wp-content\/uploads\/2025\/05\/robotica-2.png?resize=1400%2C800&ssl=1 4x"},"classes":[]}],"_links":{"self":[{"href":"https:\/\/sunhillsvalley.com\/en\/wp-json\/wp\/v2\/pages\/206","targetHints":{"allow":["GET"]}}],"collection":[{"href":"https:\/\/sunhillsvalley.com\/en\/wp-json\/wp\/v2\/pages"}],"about":[{"href":"https:\/\/sunhillsvalley.com\/en\/wp-json\/wp\/v2\/types\/page"}],"author":[{"embeddable":true,"href":"https:\/\/sunhillsvalley.com\/en\/wp-json\/wp\/v2\/users\/261015710"}],"replies":[{"embeddable":true,"href":"https:\/\/sunhillsvalley.com\/en\/wp-json\/wp\/v2\/comments?post=206"}],"version-history":[{"count":22,"href":"https:\/\/sunhillsvalley.com\/en\/wp-json\/wp\/v2\/pages\/206\/revisions"}],"predecessor-version":[{"id":816,"href":"https:\/\/sunhillsvalley.com\/en\/wp-json\/wp\/v2\/pages\/206\/revisions\/816"}],"wp:attachment":[{"href":"https:\/\/sunhillsvalley.com\/en\/wp-json\/wp\/v2\/media?parent=206"}],"curies":[{"name":"wp","href":"https:\/\/api.w.org\/{rel}","templated":true}]}}